{"id":126,"date":"2020-10-18T17:48:56","date_gmt":"2020-10-18T15:48:56","guid":{"rendered":"http:\/\/domowo.net\/?page_id=126"},"modified":"2021-02-21T20:06:57","modified_gmt":"2021-02-21T19:06:57","slug":"adaptacja","status":"publish","type":"page","link":"https:\/\/domowo.net\/index.php\/adaptacja\/","title":{"rendered":"Adaptacja"},"content":{"rendered":"\t\t<div data-elementor-type=\"wp-page\" data-elementor-id=\"126\" class=\"elementor elementor-126\" data-elementor-settings=\"[]\">\n\t\t\t\t\t\t<div class=\"elementor-inner\">\n\t\t\t\t\t\t\t<div class=\"elementor-section-wrap\">\n\t\t\t\t\t\t\t<section class=\"elementor-section elementor-top-section elementor-element elementor-element-12cdffca elementor-section-boxed elementor-section-height-default elementor-section-height-default\" data-id=\"12cdffca\" data-element_type=\"section\">\n\t\t\t\t\t\t<div class=\"elementor-container elementor-column-gap-default\">\n\t\t\t\t\t\t\t<div class=\"elementor-row\">\n\t\t\t\t\t<div class=\"elementor-column elementor-col-100 elementor-top-column elementor-element elementor-element-486a6d71\" data-id=\"486a6d71\" data-element_type=\"column\">\n\t\t\t<div class=\"elementor-column-wrap elementor-element-populated\">\n\t\t\t\t\t\t\t<div class=\"elementor-widget-wrap\">\n\t\t\t\t\t\t<div class=\"elementor-element elementor-element-db2ae07 elementor-widget elementor-widget-image\" data-id=\"db2ae07\" data-element_type=\"widget\" data-widget_type=\"image.default\">\n\t\t\t\t<div class=\"elementor-widget-container\">\n\t\t\t\t\t<div class=\"elementor-image\">\n\t\t\t\t\t\t\t\t\t\t<img loading=\"lazy\" decoding=\"async\" width=\"750\" height=\"250\" src=\"https:\/\/domowo.net\/wp-content\/uploads\/2021\/02\/Adaptacja-1024x341.png\" class=\"attachment-large size-large\" alt=\"\" srcset=\"https:\/\/domowo.net\/wp-content\/uploads\/2021\/02\/Adaptacja-1024x341.png 1024w, https:\/\/domowo.net\/wp-content\/uploads\/2021\/02\/Adaptacja-300x100.png 300w, https:\/\/domowo.net\/wp-content\/uploads\/2021\/02\/Adaptacja-768x256.png 768w, https:\/\/domowo.net\/wp-content\/uploads\/2021\/02\/Adaptacja.png 1920w\" sizes=\"auto, (max-width: 750px) 100vw, 750px\" \/>\t\t\t\t\t\t\t\t\t\t\t<\/div>\n\t\t\t\t<\/div>\n\t\t\t\t<\/div>\n\t\t\t\t<div class=\"elementor-element elementor-element-3898d4e elementor-widget elementor-widget-text-editor\" data-id=\"3898d4e\" data-element_type=\"widget\" data-widget_type=\"text-editor.default\">\n\t\t\t\t<div class=\"elementor-widget-container\">\n\t\t\t\t\t<div class=\"elementor-text-editor elementor-clearfix\"><p style=\"text-align: center;\">Adaptacja w naszym Domowo trwa 5 dni i jest bezp\u0142atna.\u00a0<\/p><\/div>\n\t\t\t\t<\/div>\n\t\t\t\t<\/div>\n\t\t\t\t<div class=\"elementor-element elementor-element-3b9878b6 elementor-widget elementor-widget-text-editor\" data-id=\"3b9878b6\" data-element_type=\"widget\" data-widget_type=\"text-editor.default\">\n\t\t\t\t<div class=\"elementor-widget-container\">\n\t\t\t\t\t<div class=\"elementor-text-editor elementor-clearfix\"><p style=\"font-size: 1.5em; text-align: center;\">Po\u017cegnanie z Maluszkiem \u2013 Szcz\u0119\u015bliwa si\u00f3demka \ud83d\ude0a\u00a0<\/p><p><strong>\ud83d\udc97 Kr\u00f3tkie po\u017cegnanie.<\/strong><br \/>Przeci\u0105ganie po\u017cegnania bardzo utrudnia rozstanie dziecku. D\u0142ugie dyskusje przy drzwiach, przeci\u0105gane u\u015bciski, po\u017cegnania i powroty dziecka sprawiaj\u0105, \u017ce sytuacja staje si\u0119 trudna dla wszystkich stron \u2013zar\u00f3wno rodzica, dziecka, jak i nauczyciela.<\/p><p><strong>\ud83d\udc97 Rutyna<\/strong><br \/>Warto um\u00f3wi\u0107 si\u0119 z dzieckiem na spos\u00f3b po\u017cegnania i trzyma\u0107 si\u0119 przyj\u0119tej zasady. To mo\u017ce by\u0107 cokolwiek, co odpowiada rodzicowi i dziecku, np. kiedy dziecko jest ju\u017c przebrane \u201ebuziak, przytulas, pi\u0105teczka i lecisz do pani \u201d. Pierwszego dnia ci\u0119\u017cko m\u00f3wi\u0107 o rutynie, ale po jakim\u015b czasie dziecko zacznie si\u0119 przyzwyczaja\u0107, a rozstanie b\u0119dzie \u0142atwiejsze.<\/p><p><strong>\ud83d\udc97 Pozytywne komunikaty<\/strong><br \/>Kiedy m\u00f3wimy dziecku \u201eNie b\u00f3j si\u0119!\u201d, to w\u0142a\u015bciwie wtedy u\u015bwiadamiamy mu, \u017ce jest w og\u00f3le czego si\u0119 ba\u0107. Strach w naszym g\u0142osie, \u017cal i wsp\u00f3\u0142czucie nie\u015bwiadomie sprawiaj\u0105, \u017ce dziecko utwierdza si\u0119 w przekonaniu, \u017ce dzieje mu si\u0119 krzywda. Niech dziecko czuje to r\u00f3wnie\u017c od rodzica. \u201eB\u0119dzie fajnie! Mi\u0142ej zabawy!\u201d<\/p><p><strong>\ud83d\udc97 M\u00f3wienie prawdy<\/strong><br \/>Kiedy m\u00f3wimy: \u201eMamusia p\u00f3jdzie na chwil\u0119 do samochodu i za chwileczk\u0119 wraca\u201d, oszukujemy, a dziecko szybko si\u0119 zorientuje, \u017ce nie mo\u017ce ufa\u0107 rodzicowi. Brak zaufania do rodzica przek\u0142ada si\u0119 na brak zaufania wobec nowej pani i przed\u0142u\u017ca proces adaptacji dziecka w \u017c\u0142obku.<\/p><p><strong>\ud83d\udc97 Cierpliwo\u015b\u0107 i wra\u017cliwo\u015b\u0107<\/strong><br \/>Okres adaptacyjny potrafi by\u0107 burzliwy i d\u0142ugi. Wiele zale\u017cy od rodzica i nauczyciela, ale i od wra\u017cliwo\u015bci dziecka, kt\u00f3ra jest od nas niezale\u017cna. Warto wi\u0119c uzbroi\u0107 si\u0119 w cierpliwo\u015b\u0107, pozytywnie nastawi\u0107 i by\u0107 wsparciem dla dziecka. Krzyk i negatywne komunikaty (\u201eJak nie przestaniesz p\u0142aka\u0107, to zabieram misia do domu\u201d) tylko pogarszaj\u0105 sytuacj\u0119. Pomocna mo\u017ce okaza\u0107 si\u0119 ulubiona zabawka dziecka i wsp\u00f3lne wybieranie jej przed wyj\u015bciem.<\/p><p><strong>\ud83d\udc97 Wej\u015bcie do Sali<\/strong><br \/>To bardzo wa\u017cne, by dziecko wesz\u0142o do sali na w\u0142asnych nogach, a nie na r\u0119kach rodzica. Moment \u201ewyrywania dziecka\u201d z obj\u0119\u0107 mamy jest nieprzyjemny dla ka\u017cdej ze stron \u2013dziecka, rodzica i nauczyciela. Dziecko zaczyna widzie\u0107 w nauczycielu osob\u0119, kt\u00f3ra si\u0142\u0105 odbiera je mamie. Du\u017co przyjemniej nam, nauczycielom, przej\u0105\u0107 r\u0105czk\u0119 dziecka i u\u015bciska\u0107 je od wej\u015bcia, ni\u017c wyrwa\u0107 dziecko rodzicowi. Buduje to zaufanie dziecka.<\/p><p><strong>\ud83d\udc97 Zaufanie<\/strong><br \/>Pierwsze dni w \u017c\u0142obku to trudny czas nie tylko dla dziecka, ale i dla rodzica. Wiemy o tym doskonale. W zwi\u0105zku z tym zapewniamy, \u017ce niebawem Pa\u0144stwa maluszki pokonaj\u0105 strach i z rado\u015bci\u0105 b\u0119d\u0105 bieg\u0142y do naszego \u017c\u0142obka <img decoding=\"async\" draggable=\"false\" class=\"emoji\" alt=\"\ud83d\ude0a\" src=\"https:\/\/s.w.org\/images\/core\/emoji\/11\/svg\/1f60a.svg\" \/><\/p><\/div>\n\t\t\t\t<\/div>\n\t\t\t\t<\/div>\n\t\t\t\t\t\t<\/div>\n\t\t\t\t\t<\/div>\n\t\t<\/div>\n\t\t\t\t\t\t\t\t<\/div>\n\t\t\t\t\t<\/div>\n\t\t<\/section>\n\t\t\t\t<section class=\"elementor-section elementor-top-section elementor-element elementor-element-22de63e5 elementor-section-content-middle elementor-section-stretched elementor-section-boxed elementor-section-height-default elementor-section-height-default\" data-id=\"22de63e5\" data-element_type=\"section\" data-settings=\"{&quot;background_background&quot;:&quot;classic&quot;,&quot;stretch_section&quot;:&quot;section-stretched&quot;}\">\n\t\t\t\t\t\t<div class=\"elementor-container elementor-column-gap-no\">\n\t\t\t\t\t\t\t<div class=\"elementor-row\">\n\t\t\t\t\t<div class=\"elementor-column elementor-col-50 elementor-top-column elementor-element elementor-element-5b63a32b\" data-id=\"5b63a32b\" data-element_type=\"column\">\n\t\t\t<div class=\"elementor-column-wrap elementor-element-populated\">\n\t\t\t\t\t\t\t<div class=\"elementor-widget-wrap\">\n\t\t\t\t\t\t<div class=\"elementor-element elementor-element-2ac8cb36 elementor-widget elementor-widget-image\" data-id=\"2ac8cb36\" data-element_type=\"widget\" data-widget_type=\"image.default\">\n\t\t\t\t<div class=\"elementor-widget-container\">\n\t\t\t\t\t<div class=\"elementor-image\">\n\t\t\t\t\t\t\t\t\t\t<img loading=\"lazy\" decoding=\"async\" width=\"940\" height=\"627\" src=\"https:\/\/domowo.net\/wp-content\/uploads\/2021\/02\/AdobeStock_1852392041-e1614100836719.jpeg\" class=\"attachment-full size-full\" alt=\"\" \/>\t\t\t\t\t\t\t\t\t\t\t<\/div>\n\t\t\t\t<\/div>\n\t\t\t\t<\/div>\n\t\t\t\t\t\t<\/div>\n\t\t\t\t\t<\/div>\n\t\t<\/div>\n\t\t\t\t<div class=\"elementor-column elementor-col-50 elementor-top-column elementor-element elementor-element-490aaa74\" data-id=\"490aaa74\" data-element_type=\"column\">\n\t\t\t<div class=\"elementor-column-wrap elementor-element-populated\">\n\t\t\t\t\t\t\t<div class=\"elementor-widget-wrap\">\n\t\t\t\t\t\t<div class=\"elementor-element elementor-element-7157dcce elementor-widget elementor-widget-text-editor\" data-id=\"7157dcce\" data-element_type=\"widget\" data-widget_type=\"text-editor.default\">\n\t\t\t\t<div class=\"elementor-widget-container\">\n\t\t\t\t\t<div class=\"elementor-text-editor elementor-clearfix\"><p style=\"text-align: center;\">&#8222;Najlepszych i najpi\u0119kniejszych rzeczy na \u015bwiecie nie da si\u0119 zobaczy\u0107 ani dotkn\u0105\u0107. <br>Trzeba je poczu\u0107 sercem&#8221;.&nbsp;<\/p><\/div>\n\t\t\t\t<\/div>\n\t\t\t\t<\/div>\n\t\t\t\t<div class=\"elementor-element elementor-element-b38181d elementor-widget-divider--view-line elementor-widget elementor-widget-divider\" data-id=\"b38181d\" data-element_type=\"widget\" data-widget_type=\"divider.default\">\n\t\t\t\t<div class=\"elementor-widget-container\">\n\t\t\t\t\t<div class=\"elementor-divider\">\n\t\t\t<span class=\"elementor-divider-separator\">\n\t\t\t\t\t\t<\/span>\n\t\t<\/div>\n\t\t\t\t<\/div>\n\t\t\t\t<\/div>\n\t\t\t\t<div class=\"elementor-element elementor-element-a151af9 elementor-widget elementor-widget-text-editor\" data-id=\"a151af9\" data-element_type=\"widget\" data-widget_type=\"text-editor.default\">\n\t\t\t\t<div class=\"elementor-widget-container\">\n\t\t\t\t\t<div class=\"elementor-text-editor elementor-clearfix\"><p style=\"text-align: center;\">Helen Keller<\/p><\/div>\n\t\t\t\t<\/div>\n\t\t\t\t<\/div>\n\t\t\t\t\t\t<\/div>\n\t\t\t\t\t<\/div>\n\t\t<\/div>\n\t\t\t\t\t\t\t\t<\/div>\n\t\t\t\t\t<\/div>\n\t\t<\/section>\n\t\t\t\t\t\t<\/div>\n\t\t\t\t\t\t<\/div>\n\t\t\t\t\t<\/div>\n\t\t","protected":false},"excerpt":{"rendered":"<p>Adaptacja w naszym Domowo trwa 5 dni i jest bezp\u0142atna.\u00a0 Po\u017cegnanie z Maluszkiem \u2013 Szcz\u0119\u015bliwa si\u00f3demka \ud83d\ude0a\u00a0 \ud83d\udc97 Kr\u00f3tkie po\u017cegnanie.Przeci\u0105ganie po\u017cegnania bardzo utrudnia rozstanie dziecku. D\u0142ugie dyskusje przy drzwiach, przeci\u0105gane u\u015bciski, po\u017cegnania i powroty dziecka sprawiaj\u0105, \u017ce sytuacja staje si\u0119 trudna dla wszystkich stron \u2013zar\u00f3wno rodzica, dziecka, jak i nauczyciela. [&hellip;]<\/p>\n","protected":false},"author":1,"featured_media":0,"parent":0,"menu_order":0,"comment_status":"closed","ping_status":"closed","template":"","meta":{"footnotes":""},"class_list":["post-126","page","type-page","status-publish","hentry"],"yoast_head":"<!-- This site is optimized with the Yoast SEO plugin v15.9.1 - https:\/\/yoast.com\/wordpress\/plugins\/seo\/ -->\n<title>Adaptacja - Domowo<\/title>\n<link rel=\"canonical\" href=\"https:\/\/domowo.net\/index.php\/adaptacja\/\" \/>\n<meta property=\"og:locale\" content=\"pl_PL\" \/>\n<meta property=\"og:type\" content=\"article\" \/>\n<meta property=\"og:title\" content=\"Adaptacja - Domowo\" \/>\n<meta property=\"og:description\" content=\"Adaptacja w naszym Domowo trwa 5 dni i jest bezp\u0142atna.\u00a0 Po\u017cegnanie z Maluszkiem \u2013 Szcz\u0119\u015bliwa si\u00f3demka \ud83d\ude0a\u00a0 \ud83d\udc97 Kr\u00f3tkie po\u017cegnanie.Przeci\u0105ganie po\u017cegnania bardzo utrudnia rozstanie dziecku. D\u0142ugie dyskusje przy drzwiach, przeci\u0105gane u\u015bciski, po\u017cegnania i powroty dziecka sprawiaj\u0105, \u017ce sytuacja staje si\u0119 trudna dla wszystkich stron \u2013zar\u00f3wno rodzica, dziecka, jak i nauczyciela. [&hellip;]\" \/>\n<meta property=\"og:url\" content=\"https:\/\/domowo.net\/index.php\/adaptacja\/\" \/>\n<meta property=\"og:site_name\" content=\"Domowo\" \/>\n<meta property=\"article:modified_time\" content=\"2021-02-21T19:06:57+00:00\" \/>\n<meta property=\"og:image\" content=\"http:\/\/domowo.net\/wp-content\/uploads\/2021\/02\/Adaptacja-1024x341.png\" \/>\n<meta name=\"twitter:card\" content=\"summary_large_image\" \/>\n<meta name=\"twitter:label1\" content=\"Est. reading time\">\n\t<meta name=\"twitter:data1\" content=\"2 minuty\">\n<script type=\"application\/ld+json\" class=\"yoast-schema-graph\">{\"@context\":\"https:\/\/schema.org\",\"@graph\":[{\"@type\":\"WebSite\",\"@id\":\"https:\/\/domowo.net\/#website\",\"url\":\"https:\/\/domowo.net\/\",\"name\":\"Domowo\",\"description\":\"Punkt opieki dziennej do lat 3\",\"potentialAction\":[{\"@type\":\"SearchAction\",\"target\":\"https:\/\/domowo.net\/?s={search_term_string}\",\"query-input\":\"required name=search_term_string\"}],\"inLanguage\":\"pl-PL\"},{\"@type\":\"ImageObject\",\"@id\":\"https:\/\/domowo.net\/index.php\/adaptacja\/#primaryimage\",\"inLanguage\":\"pl-PL\",\"url\":\"http:\/\/domowo.net\/wp-content\/uploads\/2021\/02\/Adaptacja-1024x341.png\"},{\"@type\":\"WebPage\",\"@id\":\"https:\/\/domowo.net\/index.php\/adaptacja\/#webpage\",\"url\":\"https:\/\/domowo.net\/index.php\/adaptacja\/\",\"name\":\"Adaptacja - Domowo\",\"isPartOf\":{\"@id\":\"https:\/\/domowo.net\/#website\"},\"primaryImageOfPage\":{\"@id\":\"https:\/\/domowo.net\/index.php\/adaptacja\/#primaryimage\"},\"datePublished\":\"2020-10-18T15:48:56+00:00\",\"dateModified\":\"2021-02-21T19:06:57+00:00\",\"breadcrumb\":{\"@id\":\"https:\/\/domowo.net\/index.php\/adaptacja\/#breadcrumb\"},\"inLanguage\":\"pl-PL\",\"potentialAction\":[{\"@type\":\"ReadAction\",\"target\":[\"https:\/\/domowo.net\/index.php\/adaptacja\/\"]}]},{\"@type\":\"BreadcrumbList\",\"@id\":\"https:\/\/domowo.net\/index.php\/adaptacja\/#breadcrumb\",\"itemListElement\":[{\"@type\":\"ListItem\",\"position\":1,\"item\":{\"@type\":\"WebPage\",\"@id\":\"https:\/\/domowo.net\/\",\"url\":\"https:\/\/domowo.net\/\",\"name\":\"Strona g\\u0142\\u00f3wna\"}},{\"@type\":\"ListItem\",\"position\":2,\"item\":{\"@type\":\"WebPage\",\"@id\":\"https:\/\/domowo.net\/index.php\/adaptacja\/\",\"url\":\"https:\/\/domowo.net\/index.php\/adaptacja\/\",\"name\":\"Adaptacja\"}}]}]}<\/script>\n<!-- \/ Yoast SEO plugin. -->","_links":{"self":[{"href":"https:\/\/domowo.net\/index.php\/wp-json\/wp\/v2\/pages\/126","targetHints":{"allow":["GET"]}}],"collection":[{"href":"https:\/\/domowo.net\/index.php\/wp-json\/wp\/v2\/pages"}],"about":[{"href":"https:\/\/domowo.net\/index.php\/wp-json\/wp\/v2\/types\/page"}],"author":[{"embeddable":true,"href":"https:\/\/domowo.net\/index.php\/wp-json\/wp\/v2\/users\/1"}],"replies":[{"embeddable":true,"href":"https:\/\/domowo.net\/index.php\/wp-json\/wp\/v2\/comments?post=126"}],"version-history":[{"count":8,"href":"https:\/\/domowo.net\/index.php\/wp-json\/wp\/v2\/pages\/126\/revisions"}],"predecessor-version":[{"id":400,"href":"https:\/\/domowo.net\/index.php\/wp-json\/wp\/v2\/pages\/126\/revisions\/400"}],"wp:attachment":[{"href":"https:\/\/domowo.net\/index.php\/wp-json\/wp\/v2\/media?parent=126"}],"curies":[{"name":"wp","href":"https:\/\/api.w.org\/{rel}","templated":true}]}}